{"id":552,"date":"2018-07-30T14:49:26","date_gmt":"2018-07-30T13:49:26","guid":{"rendered":"https:\/\/www.gadermeier.at\/cms\/?page_id=552"},"modified":"2018-07-30T15:07:39","modified_gmt":"2018-07-30T14:07:39","slug":"referenz-lutz","status":"publish","type":"page","link":"https:\/\/www.gadermeier.at\/cms\/referenz-lutz\/","title":{"rendered":"Referenz Lutz"},"content":{"rendered":"<blockquote class=\"wp-embedded-content\" data-secret=\"dVEB99afYL\"><p><a href=\"https:\/\/www.gadermeier.at\/cms\/fertigstellung-umbau-xxxlutz-und-kuechenstudio-2016\/\">FERTIGSTELLUNG Umbau XXXLutz und K\u00fcchenstudio | 2016<\/a><\/p><\/blockquote>\n<div class=\"embed\"><iframe loading=\"lazy\" class=\"wp-embedded-content\" sandbox=\"allow-scripts\" security=\"restricted\" style=\"position: absolute; clip: rect(1px, 1px, 1px, 1px);\" title=\"&#8222;FERTIGSTELLUNG Umbau XXXLutz und K\u00fcchenstudio | 2016&#8220; &#8212; Elektro Gadermeier\" src=\"https:\/\/www.gadermeier.at\/cms\/fertigstellung-umbau-xxxlutz-und-kuechenstudio-2016\/embed\/#?secret=p4Q1ifofr5#?secret=dVEB99afYL\" data-secret=\"dVEB99afYL\" width=\"500\" height=\"282\" frameborder=\"0\" marginwidth=\"0\" marginheight=\"0\" scrolling=\"no\"><\/iframe><\/div>\n<blockquote class=\"wp-embedded-content\" data-secret=\"KGWs3qeT64\"><p><a href=\"https:\/\/www.gadermeier.at\/cms\/fertigstellung-neubau-xxxlutz-und-moebelix-kapfenberg-2015\/\">FERTIGSTELLUNG NEUBAU XXXLutz und M\u00f6belix Kapfenberg | 2015<\/a><\/p><\/blockquote>\n<div class=\"embed\"><iframe loading=\"lazy\" class=\"wp-embedded-content\" sandbox=\"allow-scripts\" security=\"restricted\" style=\"position: absolute; clip: rect(1px, 1px, 1px, 1px);\" title=\"&#8222;FERTIGSTELLUNG NEUBAU XXXLutz und M\u00f6belix Kapfenberg | 2015&#8220; &#8212; Elektro Gadermeier\" src=\"https:\/\/www.gadermeier.at\/cms\/fertigstellung-neubau-xxxlutz-und-moebelix-kapfenberg-2015\/embed\/#?secret=LSYhj1WTOt#?secret=KGWs3qeT64\" data-secret=\"KGWs3qeT64\" width=\"500\" height=\"282\" frameborder=\"0\" marginwidth=\"0\" marginheight=\"0\" scrolling=\"no\"><\/iframe><\/div>\n<blockquote class=\"wp-embedded-content\" data-secret=\"dF1c0fCN0R\"><p><a href=\"https:\/\/www.gadermeier.at\/cms\/lutz-und-moebelix-inkl-parkhaus-in-liezen-2011\/\">Lutz und M\u00f6belix inkl. Parkhaus in Liezen | 2011<\/a><\/p><\/blockquote>\n<div class=\"embed\"><iframe loading=\"lazy\" class=\"wp-embedded-content\" sandbox=\"allow-scripts\" security=\"restricted\" style=\"position: absolute; clip: rect(1px, 1px, 1px, 1px);\" title=\"&#8222;Lutz und M\u00f6belix inkl. Parkhaus in Liezen | 2011&#8220; &#8212; Elektro Gadermeier\" src=\"https:\/\/www.gadermeier.at\/cms\/lutz-und-moebelix-inkl-parkhaus-in-liezen-2011\/embed\/#?secret=bV7iPvPNcx#?secret=dF1c0fCN0R\" data-secret=\"dF1c0fCN0R\" width=\"500\" height=\"282\" frameborder=\"0\" marginwidth=\"0\" marginheight=\"0\" scrolling=\"no\"><\/iframe><\/div>\n<blockquote class=\"wp-embedded-content\" data-secret=\"WGsIWyUPA0\"><p><a href=\"https:\/\/www.gadermeier.at\/cms\/umbau-xxxlutz-und-moebelix-horn-2011\/\">Umbau XXXLutz und M\u00f6belix Horn | 2011<\/a><\/p><\/blockquote>\n<div class=\"embed\"><iframe loading=\"lazy\" class=\"wp-embedded-content\" sandbox=\"allow-scripts\" security=\"restricted\" style=\"position: absolute; clip: rect(1px, 1px, 1px, 1px);\" title=\"&#8222;Umbau XXXLutz und M\u00f6belix Horn | 2011&#8220; &#8212; Elektro Gadermeier\" src=\"https:\/\/www.gadermeier.at\/cms\/umbau-xxxlutz-und-moebelix-horn-2011\/embed\/#?secret=TIkN0rAZjK#?secret=WGsIWyUPA0\" data-secret=\"WGsIWyUPA0\" width=\"500\" height=\"282\" frameborder=\"0\" marginwidth=\"0\" marginheight=\"0\" scrolling=\"no\"><\/iframe><\/div>\n","protected":false},"excerpt":{"rendered":"<p>FERTIGSTELLUNG Umbau XXXLutz und K\u00fcchenstudio | 2016 FERTIGSTELLUNG NEUBAU XXXLutz und M\u00f6belix Kapfenberg | 2015 Lutz und M\u00f6belix inkl. Parkhaus in Liezen | 2011 Umbau XXXLutz und M\u00f6belix Horn | 2011 <a href=\"https:\/\/www.gadermeier.at\/cms\/referenz-lutz\/\" class=\"more-link\">Mehr lesen<i class=\"icon-arrow-line-right\"><\/i><\/a><\/p>\n","protected":false},"author":1,"featured_media":0,"parent":0,"menu_order":0,"comment_status":"closed","ping_status":"closed","template":"","meta":{"footnotes":""},"class_list":["post-552","page","type-page","status-publish","hentry"],"_links":{"self":[{"href":"https:\/\/www.gadermeier.at\/cms\/wp-json\/wp\/v2\/pages\/552","targetHints":{"allow":["GET"]}}],"collection":[{"href":"https:\/\/www.gadermeier.at\/cms\/wp-json\/wp\/v2\/pages"}],"about":[{"href":"https:\/\/www.gadermeier.at\/cms\/wp-json\/wp\/v2\/types\/page"}],"author":[{"embeddable":true,"href":"https:\/\/www.gadermeier.at\/cms\/wp-json\/wp\/v2\/users\/1"}],"replies":[{"embeddable":true,"href":"https:\/\/www.gadermeier.at\/cms\/wp-json\/wp\/v2\/comments?post=552"}],"version-history":[{"count":4,"href":"https:\/\/www.gadermeier.at\/cms\/wp-json\/wp\/v2\/pages\/552\/revisions"}],"predecessor-version":[{"id":566,"href":"https:\/\/www.gadermeier.at\/cms\/wp-json\/wp\/v2\/pages\/552\/revisions\/566"}],"wp:attachment":[{"href":"https:\/\/www.gadermeier.at\/cms\/wp-json\/wp\/v2\/media?parent=552"}],"curies":[{"name":"wp","href":"https:\/\/api.w.org\/{rel}","templated":true}]}}