{"id":342,"date":"2018-07-25T16:02:59","date_gmt":"2018-07-25T15:02:59","guid":{"rendered":"https:\/\/www.gadermeier.at\/cms\/?page_id=342"},"modified":"2018-07-30T13:29:55","modified_gmt":"2018-07-30T12:29:55","slug":"referenz-heinzl","status":"publish","type":"page","link":"https:\/\/www.gadermeier.at\/cms\/referenz-heinzl\/","title":{"rendered":"Referenz Heinzl"},"content":{"rendered":"<blockquote class=\"wp-embedded-content\" data-secret=\"DWr3Rk69LM\"><p><a href=\"https:\/\/www.gadermeier.at\/cms\/fertigstellung-verkaufswagen-der-baeckerei-heinzl\/\">FERTIGSTELLUNG Verkaufswagen der B\u00e4ckerei Heinzl | 2018<\/a><\/p><\/blockquote>\n<div class=\"embed\"><iframe loading=\"lazy\" class=\"wp-embedded-content\" sandbox=\"allow-scripts\" security=\"restricted\" style=\"position: absolute; clip: rect(1px, 1px, 1px, 1px);\" title=\"&#8222;FERTIGSTELLUNG Verkaufswagen der B\u00e4ckerei Heinzl | 2018&#8220; &#8212; Elektro Gadermeier\" src=\"https:\/\/www.gadermeier.at\/cms\/fertigstellung-verkaufswagen-der-baeckerei-heinzl\/embed\/#?secret=nK3LaXVFb2#?secret=DWr3Rk69LM\" data-secret=\"DWr3Rk69LM\" width=\"500\" height=\"282\" frameborder=\"0\" marginwidth=\"0\" marginheight=\"0\" scrolling=\"no\"><\/iframe><\/div>\n<blockquote class=\"wp-embedded-content\" data-secret=\"nKtpiEAfpZ\"><p><a href=\"https:\/\/www.gadermeier.at\/cms\/fertigstellung-cafe-baeckerei-heinzl-in-friedburg-2015\/\">FERTIGSTELLUNG CAFE B\u00c4CKEREI HEINZL IN FRIEDBURG | 2015<\/a><\/p><\/blockquote>\n<div class=\"embed\"><iframe loading=\"lazy\" class=\"wp-embedded-content\" sandbox=\"allow-scripts\" security=\"restricted\" style=\"position: absolute; clip: rect(1px, 1px, 1px, 1px);\" title=\"&#8222;FERTIGSTELLUNG CAFE B\u00c4CKEREI HEINZL IN FRIEDBURG | 2015&#8220; &#8212; Elektro Gadermeier\" src=\"https:\/\/www.gadermeier.at\/cms\/fertigstellung-cafe-baeckerei-heinzl-in-friedburg-2015\/embed\/#?secret=ObUMGUhAtB#?secret=nKtpiEAfpZ\" data-secret=\"nKtpiEAfpZ\" width=\"500\" height=\"282\" frameborder=\"0\" marginwidth=\"0\" marginheight=\"0\" scrolling=\"no\"><\/iframe><\/div>\n<blockquote class=\"wp-embedded-content\" data-secret=\"bUovRS7kzM\"><p><a href=\"https:\/\/www.gadermeier.at\/cms\/fertigstellung-cafe-baeckerei-heinzl-in-friedburg\/\">FERTIGSTELLUNG CAFE B\u00c4CKEREI HEINZL in Friedburg<\/a><\/p><\/blockquote>\n<div class=\"embed\"><iframe loading=\"lazy\" class=\"wp-embedded-content\" sandbox=\"allow-scripts\" security=\"restricted\" style=\"position: absolute; clip: rect(1px, 1px, 1px, 1px);\" title=\"&#8222;FERTIGSTELLUNG CAFE B\u00c4CKEREI HEINZL in Friedburg&#8220; &#8212; Elektro Gadermeier\" src=\"https:\/\/www.gadermeier.at\/cms\/fertigstellung-cafe-baeckerei-heinzl-in-friedburg\/embed\/#?secret=2HvVjAxPgV#?secret=bUovRS7kzM\" data-secret=\"bUovRS7kzM\" width=\"500\" height=\"282\" frameborder=\"0\" marginwidth=\"0\" marginheight=\"0\" scrolling=\"no\"><\/iframe><\/div>\n<p>&nbsp;<\/p>\n","protected":false},"excerpt":{"rendered":"<p>FERTIGSTELLUNG Verkaufswagen der B\u00e4ckerei Heinzl | 2018 FERTIGSTELLUNG CAFE B\u00c4CKEREI HEINZL IN FRIEDBURG | 2015 FERTIGSTELLUNG CAFE B\u00c4CKEREI HEINZL in Friedburg &nbsp; <a href=\"https:\/\/www.gadermeier.at\/cms\/referenz-heinzl\/\" class=\"more-link\">Mehr lesen<i class=\"icon-arrow-line-right\"><\/i><\/a><\/p>\n","protected":false},"author":1,"featured_media":0,"parent":0,"menu_order":0,"comment_status":"closed","ping_status":"closed","template":"","meta":{"footnotes":""},"class_list":["post-342","page","type-page","status-publish","hentry"],"_links":{"self":[{"href":"https:\/\/www.gadermeier.at\/cms\/wp-json\/wp\/v2\/pages\/342","targetHints":{"allow":["GET"]}}],"collection":[{"href":"https:\/\/www.gadermeier.at\/cms\/wp-json\/wp\/v2\/pages"}],"about":[{"href":"https:\/\/www.gadermeier.at\/cms\/wp-json\/wp\/v2\/types\/page"}],"author":[{"embeddable":true,"href":"https:\/\/www.gadermeier.at\/cms\/wp-json\/wp\/v2\/users\/1"}],"replies":[{"embeddable":true,"href":"https:\/\/www.gadermeier.at\/cms\/wp-json\/wp\/v2\/comments?post=342"}],"version-history":[{"count":5,"href":"https:\/\/www.gadermeier.at\/cms\/wp-json\/wp\/v2\/pages\/342\/revisions"}],"predecessor-version":[{"id":490,"href":"https:\/\/www.gadermeier.at\/cms\/wp-json\/wp\/v2\/pages\/342\/revisions\/490"}],"wp:attachment":[{"href":"https:\/\/www.gadermeier.at\/cms\/wp-json\/wp\/v2\/media?parent=342"}],"curies":[{"name":"wp","href":"https:\/\/api.w.org\/{rel}","templated":true}]}}