{"id":115,"date":"2018-07-21T11:03:02","date_gmt":"2018-07-21T10:03:02","guid":{"rendered":"https:\/\/www.gadermeier.at\/cms\/?page_id=115"},"modified":"2018-07-21T11:04:34","modified_gmt":"2018-07-21T10:04:34","slug":"impressum","status":"publish","type":"page","link":"https:\/\/www.gadermeier.at\/cms\/impressum\/","title":{"rendered":"Impressum"},"content":{"rendered":"<p>Firma: <strong>Gadermeier GmbH<\/strong><\/p>\n<p><span class=\"text\">Kirchenplatz 42<br \/>\n4923 Lohnsburg a. Kobernau\u00dferwald<\/p>\n<p>Telefon 07754 \/ 2104, Fax DW 14<br \/>\nE-mail: office@gadermeier.at<br \/>\nWeb: www.gadermeier.at<\/p>\n<p>Firmenbuch-Nr.: FN 442008m<br \/>\nFirmenbuchgericht: Landesgericht Ried im Innkreis<br \/>\nUID-Nummer: ATU 69931014<\/span><\/p>\n<p>&nbsp;<\/p>\n<p><strong>Haftungshinweis:<\/strong><em><br \/>\n<\/em>Die Inhalte unserer Seiten wurden mit gr\u00f6\u00dftm\u00f6glicher Sorgfalt erstellt. F\u00fcr die Richtigkeit, Voll\u00adst\u00e4ndigkeit und Aktualit\u00e4t k\u00f6nnen wir jedoch keine Gew\u00e4hr \u00fcbernehmen.<br \/>\nHaftungsanspr\u00fcche gegen den Autor sind grunds\u00e4tzlich ausgeschlossen.<\/p>\n<p><strong>Online-Streitbeilegung:<\/strong><br \/>\nDie Europ\u00e4ische Kommission stellt unter <a href=\"https:\/\/ec.europa.eu\/consumers\/odr\/\" target=\"_blank\" rel=\"noopener\">https:\/\/ec.europa.eu\/consumers\/odr\/<\/a> eine Plattform zur Online-Streitbeilegung bereit, die Verbraucher f\u00fcr die Beilegung einer Streitigkeit nutzen k\u00f6nnen und auf der weitere Informationen zum Thema Streitschlichtung zu finden sind.<\/p>\n<p><strong>Au\u00dfergerichtliche Streitbeilegung:<\/strong><br \/>\nWir sind weder verpflichtet noch dazu bereit, im Falle einer Streitigkeit mit einem Verbraucher an einem Streitbeilegungsverfahren vor einer Verbraucherschlichtungsstelle teilzunehmen.<\/p>\n<p><strong>Datenschutz<\/strong><br \/>\n<a href=\"https:\/\/www.gadermeier.at\/cms\/datenschutzerklaerung\/\">Datenschutzerkl\u00e4rung<\/a><\/p>\n","protected":false},"excerpt":{"rendered":"<p>Firma: Gadermeier GmbH Kirchenplatz 42 4923 Lohnsburg a. Kobernau\u00dferwald Telefon 07754 \/ 2104, Fax DW 14 E-mail: office@gadermeier.at Web: www.gadermeier.at Firmenbuch-Nr.: FN 442008m Firmenbuchgericht: Landesgericht Ried im Innkreis UID-Nummer: ATU 69931014 &nbsp; Haftungshinweis: Die Inhalte unserer Seiten wurden mit gr\u00f6\u00dftm\u00f6glicher Sorgfalt erstellt. F\u00fcr die Richtigkeit, Voll\u00adst\u00e4ndigkeit und Aktualit\u00e4t k\u00f6nnen wir jedoch keine Gew\u00e4hr \u00fcbernehmen. Haftungsanspr\u00fcche [&hellip;] <a href=\"https:\/\/www.gadermeier.at\/cms\/impressum\/\" class=\"more-link\">Mehr lesen<i class=\"icon-arrow-line-right\"><\/i><\/a><\/p>\n","protected":false},"author":1,"featured_media":0,"parent":0,"menu_order":0,"comment_status":"closed","ping_status":"closed","template":"","meta":{"footnotes":""},"class_list":["post-115","page","type-page","status-publish","hentry"],"_links":{"self":[{"href":"https:\/\/www.gadermeier.at\/cms\/wp-json\/wp\/v2\/pages\/115","targetHints":{"allow":["GET"]}}],"collection":[{"href":"https:\/\/www.gadermeier.at\/cms\/wp-json\/wp\/v2\/pages"}],"about":[{"href":"https:\/\/www.gadermeier.at\/cms\/wp-json\/wp\/v2\/types\/page"}],"author":[{"embeddable":true,"href":"https:\/\/www.gadermeier.at\/cms\/wp-json\/wp\/v2\/users\/1"}],"replies":[{"embeddable":true,"href":"https:\/\/www.gadermeier.at\/cms\/wp-json\/wp\/v2\/comments?post=115"}],"version-history":[{"count":3,"href":"https:\/\/www.gadermeier.at\/cms\/wp-json\/wp\/v2\/pages\/115\/revisions"}],"predecessor-version":[{"id":118,"href":"https:\/\/www.gadermeier.at\/cms\/wp-json\/wp\/v2\/pages\/115\/revisions\/118"}],"wp:attachment":[{"href":"https:\/\/www.gadermeier.at\/cms\/wp-json\/wp\/v2\/media?parent=115"}],"curies":[{"name":"wp","href":"https:\/\/api.w.org\/{rel}","templated":true}]}}